{"id":12022,"date":"2025-04-23T11:01:42","date_gmt":"2025-04-23T10:01:42","guid":{"rendered":"https:\/\/larainette.net\/?post_type=product&#038;p=12022"},"modified":"2025-04-23T11:48:33","modified_gmt":"2025-04-23T10:48:33","slug":"etancheite-liquide-seau-smartproof-18l","status":"publish","type":"product","link":"https:\/\/larainette.net\/ar\/produit\/etancheite-liquide-seau-smartproof-18l\/","title":{"rendered":"Smartproof"},"content":{"rendered":"<p><strong>SMARTPROOF<\/strong> est une solution pr\u00eate \u00e0 l&#8217;emploi pour imperm\u00e9abiliser <strong>les toitures et les fa\u00e7ades<\/strong>. Elle offre une protection contre les intemp\u00e9ries et les fissures. Ce produit est fait de <strong>chaux naturelle<\/strong>, de sable et d&#8217;autres adjuvants. Ces ingr\u00e9dients am\u00e9liorent la maniabilit\u00e9 et l&#8217;adh\u00e9rence.<\/p>\n","protected":false},"excerpt":{"rendered":"<p>SMARTPROOF est une \u00e9tanch\u00e9it\u00e9 liquide pr\u00eate \u00e0 l&#8217;emploi. Elle sert \u00e0 imperm\u00e9abiliser les toitures et les fa\u00e7ades. Ce produit prot\u00e8ge contre les intemp\u00e9ries et les fissures. Il est compos\u00e9 de chaux naturelle, de sable et d&#8217;adjuvants. Ces ingr\u00e9dients am\u00e9liorent la maniabilit\u00e9 et l&#8217;adh\u00e9rence.<\/p>\n","protected":false},"featured_media":12023,"comment_status":"closed","ping_status":"closed","template":"","meta":[],"product_cat":[132],"product_tag":[],"class_list":{"0":"post-12022","1":"product","2":"type-product","3":"status-publish","4":"has-post-thumbnail","6":"product_cat-enduit-interieur-exterieur","8":"first","9":"instock","10":"taxable","11":"shipping-taxable","12":"product-type-simple"},"acf":[],"_links":{"self":[{"href":"https:\/\/larainette.net\/ar\/wp-json\/wp\/v2\/product\/12022","targetHints":{"allow":["GET"]}}],"collection":[{"href":"https:\/\/larainette.net\/ar\/wp-json\/wp\/v2\/product"}],"about":[{"href":"https:\/\/larainette.net\/ar\/wp-json\/wp\/v2\/types\/product"}],"replies":[{"embeddable":true,"href":"https:\/\/larainette.net\/ar\/wp-json\/wp\/v2\/comments?post=12022"}],"version-history":[{"count":6,"href":"https:\/\/larainette.net\/ar\/wp-json\/wp\/v2\/product\/12022\/revisions"}],"predecessor-version":[{"id":12034,"href":"https:\/\/larainette.net\/ar\/wp-json\/wp\/v2\/product\/12022\/revisions\/12034"}],"wp:featuredmedia":[{"embeddable":true,"href":"https:\/\/larainette.net\/ar\/wp-json\/wp\/v2\/media\/12023"}],"wp:attachment":[{"href":"https:\/\/larainette.net\/ar\/wp-json\/wp\/v2\/media?parent=12022"}],"wp:term":[{"taxonomy":"product_cat","embeddable":true,"href":"https:\/\/larainette.net\/ar\/wp-json\/wp\/v2\/product_cat?post=12022"},{"taxonomy":"product_tag","embeddable":true,"href":"https:\/\/larainette.net\/ar\/wp-json\/wp\/v2\/product_tag?post=12022"}],"curies":[{"name":"wp","href":"https:\/\/api.w.org\/{rel}","templated":true}]}}